{"id":39538,"date":"2017-10-16T11:02:48","date_gmt":"2017-10-16T15:02:48","guid":{"rendered":"https:\/\/cbcorpnov2020.wpengine.com\/pour-les-locataires\/"},"modified":"2025-10-02T16:06:45","modified_gmt":"2025-10-02T20:06:45","slug":"pour-les-locataires","status":"publish","type":"page","link":"https:\/\/colonnadebridgeport.ca\/fr\/pour-les-locataires\/","title":{"rendered":"Pour les locataires"},"content":{"rendered":"\t\t<div data-elementor-type=\"wp-page\" data-elementor-id=\"39538\" class=\"elementor elementor-39538 elementor-32578\" data-elementor-post-type=\"page\">\n\t\t\t\t<div class=\"elementor-element elementor-element-758c66a e-con-full e-flex e-con e-parent\" data-id=\"758c66a\" data-element_type=\"container\" data-e-type=\"container\" data-settings=\"{&quot;background_background&quot;:&quot;classic&quot;,&quot;motion_fx_motion_fx_scrolling&quot;:&quot;yes&quot;,&quot;motion_fx_devices&quot;:[&quot;desktop&quot;,&quot;tablet&quot;,&quot;mobile&quot;]}\">\n\t\t<div class=\"elementor-element elementor-element-c53a632 e-con-full e-flex e-con e-child\" data-id=\"c53a632\" data-element_type=\"container\" data-e-type=\"container\">\n\t\t\t\t<div class=\"elementor-element elementor-element-fac59a9 elementor-widget elementor-widget-image\" data-id=\"fac59a9\" data-element_type=\"widget\" data-e-type=\"widget\" data-widget_type=\"image.default\">\n\t\t\t\t<div class=\"elementor-widget-container\">\n\t\t\t\t\t\t\t\t\t\t\t\t\t\t\t<img fetchpriority=\"high\" decoding=\"async\" width=\"800\" height=\"239\" src=\"https:\/\/colonnadebridgeport.ca\/wp-content\/uploads\/2025\/11\/CBP-Connexion-1-1024x306.png\" class=\"attachment-large size-large wp-image-39283\" alt=\"CBP connection\" srcset=\"https:\/\/colonnadebridgeport.ca\/wp-content\/uploads\/2025\/11\/CBP-Connexion-1-1024x306.png 1024w, https:\/\/colonnadebridgeport.ca\/wp-content\/uploads\/2025\/11\/CBP-Connexion-1-300x90.png 300w, https:\/\/colonnadebridgeport.ca\/wp-content\/uploads\/2025\/11\/CBP-Connexion-1-768x230.png 768w, https:\/\/colonnadebridgeport.ca\/wp-content\/uploads\/2025\/11\/CBP-Connexion-1-1536x459.png 1536w, https:\/\/colonnadebridgeport.ca\/wp-content\/uploads\/2025\/11\/CBP-Connexion-1.png 1752w\" sizes=\"(max-width: 800px) 100vw, 800px\" \/>\t\t\t\t\t\t\t\t\t\t\t\t\t\t\t<\/div>\n\t\t\t\t<\/div>\n\t\t\t\t<\/div>\n\t\t\t\t<\/div>\n\t\t<div class=\"elementor-element elementor-element-0ea93e6 e-flex e-con-boxed e-con e-parent\" data-id=\"0ea93e6\" data-element_type=\"container\" data-e-type=\"container\" data-settings=\"{&quot;background_background&quot;:&quot;classic&quot;}\">\n\t\t\t\t\t<div class=\"e-con-inner\">\n\t\t\t\t<div class=\"elementor-element elementor-element-54d287d elementor-widget elementor-widget-text-editor\" data-id=\"54d287d\" data-element_type=\"widget\" data-e-type=\"widget\" data-widget_type=\"text-editor.default\">\n\t\t\t\t<div class=\"elementor-widget-container\">\n\t\t\t\t\t\t\t\t\t<p>Nous souhaitons que nos propri\u00e9t\u00e9s fassent plus que simplement r\u00e9pondre aux besoins de nos locataires. Notre objectif est de g\u00e9rer et d\u2019entretenir des espaces o\u00f9 les gens aiment venir, travailler et vivre. Une partie de cet objectif est un engagement \u00e0 \u00eatre pr\u00e9sents lorsque vous avez besoin de nous&nbsp;: pour r\u00e9pondre aux questions, r\u00e9soudre les probl\u00e8mes et \u00e9couter vos suggestions.<\/p>\t\t\t\t\t\t\t\t<\/div>\n\t\t\t\t<\/div>\n\t\t\t\t\t<\/div>\n\t\t\t\t<\/div>\n\t\t<div class=\"elementor-element elementor-element-aa5bb39 e-flex e-con-boxed e-con e-parent\" data-id=\"aa5bb39\" data-element_type=\"container\" data-e-type=\"container\" data-settings=\"{&quot;background_background&quot;:&quot;classic&quot;}\">\n\t\t\t\t\t<div class=\"e-con-inner\">\n\t\t\t\t<div class=\"elementor-element elementor-element-4fb2fd9 elementor-view-default elementor-widget elementor-widget-icon\" data-id=\"4fb2fd9\" data-element_type=\"widget\" data-e-type=\"widget\" data-widget_type=\"icon.default\">\n\t\t\t\t<div class=\"elementor-widget-container\">\n\t\t\t\t\t\t\t<div class=\"elementor-icon-wrapper\">\n\t\t\t<div class=\"elementor-icon\">\n\t\t\t<i aria-hidden=\"true\" class=\"fas fa-exclamation-circle\"><\/i>\t\t\t<\/div>\n\t\t<\/div>\n\t\t\t\t\t\t<\/div>\n\t\t\t\t<\/div>\n\t\t\t\t<div class=\"elementor-element elementor-element-ef41551 elementor-widget elementor-widget-text-editor\" data-id=\"ef41551\" data-element_type=\"widget\" data-e-type=\"widget\" data-widget_type=\"text-editor.default\">\n\t\t\t\t<div class=\"elementor-widget-container\">\n\t\t\t\t\t\t\t\t\t<p>Pour les demandes urgentes, veuillez appeler le <a href=\"tel:18555118464\">1.855.511.8464<\/a> (sans frais). Si votre demande de service met votre vie en danger ou est de nature extr\u00eame, comme un incendie, appelez le 911 avant de nous appeler.<\/p>\t\t\t\t\t\t\t\t<\/div>\n\t\t\t\t<\/div>\n\t\t\t\t\t<\/div>\n\t\t\t\t<\/div>\n\t\t<div class=\"elementor-element elementor-element-f92b46d e-flex e-con-boxed e-con e-parent\" data-id=\"f92b46d\" data-element_type=\"container\" data-e-type=\"container\" data-settings=\"{&quot;background_background&quot;:&quot;classic&quot;}\">\n\t\t\t\t\t<div class=\"e-con-inner\">\n\t\t\t\t<div class=\"elementor-element elementor-element-8b47538 elementor-widget elementor-widget-heading\" data-id=\"8b47538\" data-element_type=\"widget\" data-e-type=\"widget\" data-widget_type=\"heading.default\">\n\t\t\t\t<div class=\"elementor-widget-container\">\n\t\t\t\t\t<h2 class=\"elementor-heading-title elementor-size-default\">Soumettre une demande de service<\/h2>\t\t\t\t<\/div>\n\t\t\t\t<\/div>\n\t\t<div class=\"elementor-element elementor-element-68accca e-con-full e-flex e-con e-child\" data-id=\"68accca\" data-element_type=\"container\" data-e-type=\"container\">\n\t\t\t\t<div class=\"elementor-element elementor-element-b278f55 elementor-widget__width-auto elementor-widget elementor-widget-button\" data-id=\"b278f55\" data-element_type=\"widget\" data-e-type=\"widget\" data-widget_type=\"button.default\">\n\t\t\t\t<div class=\"elementor-widget-container\">\n\t\t\t\t\t\t\t\t\t<div class=\"elementor-button-wrapper\">\n\t\t\t\t\t<a class=\"elementor-button elementor-button-link elementor-size-xs\" href=\"http:\/\/www.ng1.angusanywhere.com\/tenant\/73051\/Main\/default.aspx\" target=\"_blank\" rel=\"noopener\">\n\t\t\t\t\t\t<span class=\"elementor-button-content-wrapper\">\n\t\t\t\t\t\t\t\t\t<span class=\"elementor-button-text\">Je suis un locataire commercial<\/span>\n\t\t\t\t\t<\/span>\n\t\t\t\t\t<\/a>\n\t\t\t\t<\/div>\n\t\t\t\t\t\t\t\t<\/div>\n\t\t\t\t<\/div>\n\t\t\t\t<div class=\"elementor-element elementor-element-12dacfa elementor-widget__width-auto elementor-widget elementor-widget-button\" data-id=\"12dacfa\" data-element_type=\"widget\" data-e-type=\"widget\" data-widget_type=\"button.default\">\n\t\t\t\t<div class=\"elementor-widget-container\">\n\t\t\t\t\t\t\t\t\t<div class=\"elementor-button-wrapper\">\n\t\t\t\t\t<a class=\"elementor-button elementor-button-link elementor-size-xs\" href=\"https:\/\/colonnadebridgeport.ca\/fr\/demandes-de-service-residentiel\/\">\n\t\t\t\t\t\t<span class=\"elementor-button-content-wrapper\">\n\t\t\t\t\t\t\t\t\t<span class=\"elementor-button-text\">Je suis un locataire r\u00e9sidentiel<\/span>\n\t\t\t\t\t<\/span>\n\t\t\t\t\t<\/a>\n\t\t\t\t<\/div>\n\t\t\t\t\t\t\t\t<\/div>\n\t\t\t\t<\/div>\n\t\t\t\t<\/div>\n\t\t\t\t\t<\/div>\n\t\t\t\t<\/div>\n\t\t\t\t<\/div>\n\t\t","protected":false},"excerpt":{"rendered":"<p>Nous souhaitons que nos propri\u00e9t\u00e9s fassent plus que simplement r\u00e9pondre aux besoins de nos locataires. Notre objectif est de g\u00e9rer et d\u2019entretenir des espaces o\u00f9 les gens aiment venir, travailler et vivre. Une partie de cet objectif est un engagement \u00e0 \u00eatre pr\u00e9sents lorsque vous avez besoin de nous&nbsp;: pour r\u00e9pondre aux questions, r\u00e9soudre les [&hellip;]<\/p>\n","protected":false},"author":227,"featured_media":0,"parent":0,"menu_order":0,"comment_status":"closed","ping_status":"closed","template":"elementor_header_footer","meta":{"footnotes":""},"class_list":["post-39538","page","type-page","status-publish","hentry"],"_links":{"self":[{"href":"https:\/\/colonnadebridgeport.ca\/fr\/wp-json\/wp\/v2\/pages\/39538","targetHints":{"allow":["GET"]}}],"collection":[{"href":"https:\/\/colonnadebridgeport.ca\/fr\/wp-json\/wp\/v2\/pages"}],"about":[{"href":"https:\/\/colonnadebridgeport.ca\/fr\/wp-json\/wp\/v2\/types\/page"}],"author":[{"embeddable":true,"href":"https:\/\/colonnadebridgeport.ca\/fr\/wp-json\/wp\/v2\/users\/227"}],"replies":[{"embeddable":true,"href":"https:\/\/colonnadebridgeport.ca\/fr\/wp-json\/wp\/v2\/comments?post=39538"}],"version-history":[{"count":0,"href":"https:\/\/colonnadebridgeport.ca\/fr\/wp-json\/wp\/v2\/pages\/39538\/revisions"}],"wp:attachment":[{"href":"https:\/\/colonnadebridgeport.ca\/fr\/wp-json\/wp\/v2\/media?parent=39538"}],"curies":[{"name":"wp","href":"https:\/\/api.w.org\/{rel}","templated":true}]}}