{"id":39495,"date":"2020-05-12T19:54:20","date_gmt":"2020-05-12T23:54:20","guid":{"rendered":"https:\/\/cbcorpnov2020.wpengine.com\/accueil-colonnade-bridgeport\/"},"modified":"2026-04-06T09:12:04","modified_gmt":"2026-04-06T13:12:04","slug":"accueil-colonnade-bridgeport","status":"publish","type":"page","link":"https:\/\/colonnadebridgeport.ca\/fr\/","title":{"rendered":"Accueil Colonnade BridgePort"},"content":{"rendered":"\t\t<div data-elementor-type=\"wp-page\" data-elementor-id=\"39495\" class=\"elementor elementor-39495 elementor-34806\" data-elementor-post-type=\"page\">\n\t\t\t\t<div class=\"elementor-element elementor-element-117c48f e-flex e-con-boxed e-con e-parent\" data-id=\"117c48f\" data-element_type=\"container\" data-e-type=\"container\" data-settings=\"{&quot;background_background&quot;:&quot;video&quot;,&quot;background_video_link&quot;:&quot;https:\\\/\\\/bridgeportst.wpengine.com\\\/wp-content\\\/uploads\\\/2020\\\/05\\\/videoblocks-ground-level-shot-with-pan-of-crowd-of-businesspeople-in-suits-walking-through-hall-of-modern-business-center_h0l4zmmtx__D.mp4&quot;,&quot;motion_fx_motion_fx_scrolling&quot;:&quot;yes&quot;,&quot;background_play_on_mobile&quot;:&quot;yes&quot;,&quot;motion_fx_devices&quot;:[&quot;desktop&quot;,&quot;tablet&quot;,&quot;mobile&quot;]}\">\n\t\t\t\t\t<div class=\"e-con-inner\">\n\t\t<div class=\"elementor-background-video-container\">\n\t\t\t\t\t\t\t<video class=\"elementor-background-video-hosted\" role=\"presentation\" autoplay muted playsinline loop><\/video>\n\t\t\t\t\t<\/div>\t\t<div class=\"elementor-element elementor-element-d54d622 elementor--v-position-middle elementor-widget elementor-widget-slides\" data-id=\"d54d622\" data-element_type=\"widget\" data-e-type=\"widget\" data-settings=\"{&quot;navigation&quot;:&quot;none&quot;,&quot;autoplay_speed&quot;:2000,&quot;transition_speed&quot;:1500,&quot;transition&quot;:&quot;fade&quot;,&quot;autoplay&quot;:&quot;yes&quot;,&quot;infinite&quot;:&quot;yes&quot;}\" data-widget_type=\"slides.default\">\n\t\t\t\t<div class=\"elementor-widget-container\">\n\t\t\t\t\t\t\t\t\t<div class=\"elementor-swiper\">\n\t\t\t\t\t<div class=\"elementor-slides-wrapper elementor-main-swiper swiper\" role=\"region\" aria-roledescription=\"carousel\" aria-label=\"Slides\" dir=\"ltr\" data-animation=\"\">\n\t\t\t\t<div class=\"swiper-wrapper elementor-slides\">\n\t\t\t\t\t\t\t\t\t\t<div class=\"elementor-repeater-item-927641c swiper-slide\" role=\"group\" aria-roledescription=\"slide\"><div class=\"swiper-slide-bg\"><\/div><div class=\"swiper-slide-inner\" ><div class=\"swiper-slide-contents\"><div class=\"elementor-slide-heading\">Une meilleure compr\u00e9hension de vos besoins<\/div><div class=\"elementor-slide-description\"><p>Un processus formalis\u00e9 centr\u00e9 sur vos objectifs commerciaux et financiers<\/p>\n<\/div><\/div><\/div><\/div><div class=\"elementor-repeater-item-3f1d8e2 swiper-slide\" role=\"group\" aria-roledescription=\"slide\"><div class=\"swiper-slide-bg\"><\/div><div class=\"swiper-slide-inner\" ><div class=\"swiper-slide-contents\"><div class=\"elementor-slide-heading\">Plus en phase avec vos objectifs<\/div><div class=\"elementor-slide-description\"><p>Des \u00e9quipes clients pluridisciplinaires travaillant ensemble pour maximiser la performance des actifs<\/p>\n<\/div><\/div><\/div><\/div><div class=\"elementor-repeater-item-aaee656 swiper-slide\" role=\"group\" aria-roledescription=\"slide\"><div class=\"swiper-slide-bg\"><\/div><div class=\"swiper-slide-inner\" ><div class=\"swiper-slide-contents\"><div class=\"elementor-slide-heading\">Plus d'expertise<\/div><div class=\"elementor-slide-description\"><p>Une \u00e9quipe de leaders du secteur travaillant ensemble pour cr\u00e9er de la valeur quand vous en avez le plus besoin<\/p>\n<\/div><\/div><\/div><\/div><div class=\"elementor-repeater-item-2796407 swiper-slide\" role=\"group\" aria-roledescription=\"slide\"><div class=\"swiper-slide-bg\"><\/div><div class=\"swiper-slide-inner\" ><div class=\"swiper-slide-contents\"><div class=\"elementor-slide-heading\">Une meilleure connaissance du march\u00e9<\/div><div class=\"elementor-slide-description\"><p>G\u00e9n\u00e9rant des rendements positifs pour nos clients \u00e0 travers l'Ontario depuis plus de 35 ans <\/p>\n<\/div><\/div><\/div><\/div><div class=\"elementor-repeater-item-5358747 swiper-slide\" role=\"group\" aria-roledescription=\"slide\"><div class=\"swiper-slide-bg\"><\/div><div class=\"swiper-slide-inner\" ><div class=\"swiper-slide-contents\"><div class=\"elementor-slide-heading\">Plus de retour sur investissement<\/div><div class=\"elementor-slide-description\"><p>Votre partenaire en performance immobili\u00e8re<\/p>\n<\/div><\/div><\/div><\/div>\t\t\t\t<\/div>\n\t\t\t\t\t\t\t\t\t\t\t\t\t\t\t\t\t\t\t\t\t<\/div>\n\t\t\t\t<\/div>\n\t\t\t\t\t\t\t\t<\/div>\n\t\t\t\t<\/div>\n\t\t\t\t\t<\/div>\n\t\t\t\t<\/div>\n\t\t<div class=\"elementor-element elementor-element-d43bad4 e-flex e-con-boxed e-con e-parent\" data-id=\"d43bad4\" data-element_type=\"container\" data-e-type=\"container\" data-settings=\"{&quot;background_background&quot;:&quot;classic&quot;}\">\n\t\t\t\t\t<div class=\"e-con-inner\">\n\t\t\t\t<div class=\"elementor-element elementor-element-19eed28 elementor-widget elementor-widget-heading\" data-id=\"19eed28\" data-element_type=\"widget\" data-e-type=\"widget\" data-widget_type=\"heading.default\">\n\t\t\t\t<div class=\"elementor-widget-container\">\n\t\t\t\t\t<h2 class=\"elementor-heading-title elementor-size-default\">Plus de retour sur investissement \u2013 votre partenaire en performance immobili\u00e8re<\/h2>\t\t\t\t<\/div>\n\t\t\t\t<\/div>\n\t\t\t\t<div class=\"elementor-element elementor-element-854d6c2 elementor-widget elementor-widget-text-editor\" data-id=\"854d6c2\" data-element_type=\"widget\" data-e-type=\"widget\" data-widget_type=\"text-editor.default\">\n\t\t\t\t<div class=\"elementor-widget-container\">\n\t\t\t\t\t\t\t\t\t<p>Notre objectif est de vous aider \u00e0 atteindre vos objectifs. Que vous cherchiez \u00e0 identifier de nouvelles opportunit\u00e9s, \u00e0 lib\u00e9rer la valeur d&rsquo;un actif ou \u00e0 prot\u00e9ger votre investissement immobilier, nous travaillons avec vous pour garantir que votre strat\u00e9gie d&rsquo;actifs soit solide, claire et r\u00e9aliste \u2013 et ex\u00e9cut\u00e9e pour atteindre ou d\u00e9passer vos rendements cibl\u00e9s. <\/p><p>Notre plateforme de gestion immobili\u00e8re compl\u00e8te comprend la gestion et la location de biens, la gestion de d\u00e9veloppement, la gestion d&rsquo;investissements et la gestion d&rsquo;actifs \u2013 et nous sommes en activit\u00e9 depuis plus de 40 ans. Nous sommes exp\u00e9riment\u00e9s, nous connaissons nos march\u00e9s et nous offrons plus de retour sur investissement aux propri\u00e9taires. <\/p>\t\t\t\t\t\t\t\t<\/div>\n\t\t\t\t<\/div>\n\t\t\t\t\t<\/div>\n\t\t\t\t<\/div>\n\t\t<div class=\"elementor-element elementor-element-e5832b0 e-flex e-con-boxed e-con e-parent\" data-id=\"e5832b0\" data-element_type=\"container\" data-e-type=\"container\" data-settings=\"{&quot;background_background&quot;:&quot;classic&quot;}\">\n\t\t\t\t\t<div class=\"e-con-inner\">\n\t\t\t\t<div class=\"elementor-element elementor-element-89331bf elementor-widget elementor-widget-heading\" data-id=\"89331bf\" data-element_type=\"widget\" data-e-type=\"widget\" data-widget_type=\"heading.default\">\n\t\t\t\t<div class=\"elementor-widget-container\">\n\t\t\t\t\t<h2 class=\"elementor-heading-title elementor-size-default\">Quoi de neuf chez Colonnade BridgePort <\/h2>\t\t\t\t<\/div>\n\t\t\t\t<\/div>\n\t\t\t\t<div class=\"elementor-element elementor-element-0caefc2 elementor-widget elementor-widget-text-editor\" data-id=\"0caefc2\" data-element_type=\"widget\" data-e-type=\"widget\" data-widget_type=\"text-editor.default\">\n\t\t\t\t<div class=\"elementor-widget-container\">\n\t\t\t\t\t\t\t\t\t<p>Nous sommes fiers de c\u00e9l\u00e9brer nos collaborateurs et les projets auxquels nous participons, ainsi que les r\u00e9flexions et opinions de nos dirigeants. Revenez souvent pour voir les nouveaut\u00e9s. <\/p>\t\t\t\t\t\t\t\t<\/div>\n\t\t\t\t<\/div>\n\t\t\t\t<div class=\"elementor-element elementor-element-4851ec6 elementor-widget elementor-widget-spacer\" data-id=\"4851ec6\" data-element_type=\"widget\" data-e-type=\"widget\" data-widget_type=\"spacer.default\">\n\t\t\t\t<div class=\"elementor-widget-container\">\n\t\t\t\t\t\t\t<div class=\"elementor-spacer\">\n\t\t\t<div class=\"elementor-spacer-inner\"><\/div>\n\t\t<\/div>\n\t\t\t\t\t\t<\/div>\n\t\t\t\t<\/div>\n\t\t\t\t<div class=\"elementor-element elementor-element-c4fbf09 elementor-align-center elementor-widget elementor-widget-button\" data-id=\"c4fbf09\" data-element_type=\"widget\" data-e-type=\"widget\" data-widget_type=\"button.default\">\n\t\t\t\t<div class=\"elementor-widget-container\">\n\t\t\t\t\t\t\t\t\t<div class=\"elementor-button-wrapper\">\n\t\t\t\t\t<a class=\"elementor-button elementor-button-link elementor-size-sm\" href=\"https:\/\/colonnadebridgeport.ca\/fr\/centre-dimpact-cb\/\">\n\t\t\t\t\t\t<span class=\"elementor-button-content-wrapper\">\n\t\t\t\t\t\t\t\t\t<span class=\"elementor-button-text\">Voir toutes les actualit\u00e9s<\/span>\n\t\t\t\t\t<\/span>\n\t\t\t\t\t<\/a>\n\t\t\t\t<\/div>\n\t\t\t\t\t\t\t\t<\/div>\n\t\t\t\t<\/div>\n\t\t\t\t\t<\/div>\n\t\t\t\t<\/div>\n\t\t<div class=\"elementor-element elementor-element-8326714 e-flex e-con-boxed e-con e-parent\" data-id=\"8326714\" data-element_type=\"container\" data-e-type=\"container\" data-settings=\"{&quot;background_background&quot;:&quot;classic&quot;}\">\n\t\t\t\t\t<div class=\"e-con-inner\">\n\t\t\t\t<div class=\"elementor-element elementor-element-8b2b38e elementor-widget elementor-widget-counter\" data-id=\"8b2b38e\" data-element_type=\"widget\" data-e-type=\"widget\" data-widget_type=\"counter.default\">\n\t\t\t\t<div class=\"elementor-widget-container\">\n\t\t\t\t\t\t\t<div class=\"elementor-counter\">\n\t\t\t<div class=\"elementor-counter-title\">Pieds carr\u00e9s sous gestion<\/div>\t\t\t<div class=\"elementor-counter-number-wrapper\">\n\t\t\t\t<span class=\"elementor-counter-number-prefix\"><\/span>\n\t\t\t\t<span class=\"elementor-counter-number\" data-duration=\"2000\" data-to-value=\"14404402\" data-from-value=\"14000000\" data-delimiter=\",\">14000000<\/span>\n\t\t\t\t<span class=\"elementor-counter-number-suffix\"><\/span>\n\t\t\t<\/div>\n\t\t<\/div>\n\t\t\t\t\t\t<\/div>\n\t\t\t\t<\/div>\n\t\t\t\t<div class=\"elementor-element elementor-element-b13742f elementor-widget elementor-widget-counter\" data-id=\"b13742f\" data-element_type=\"widget\" data-e-type=\"widget\" data-widget_type=\"counter.default\">\n\t\t\t\t<div class=\"elementor-widget-container\">\n\t\t\t\t\t\t\t<div class=\"elementor-counter\">\n\t\t\t<div class=\"elementor-counter-title\">Locataires<\/div>\t\t\t<div class=\"elementor-counter-number-wrapper\">\n\t\t\t\t<span class=\"elementor-counter-number-prefix\"><\/span>\n\t\t\t\t<span class=\"elementor-counter-number\" data-duration=\"1000\" data-to-value=\"2425\" data-from-value=\"1500\" data-delimiter=\",\">1500<\/span>\n\t\t\t\t<span class=\"elementor-counter-number-suffix\"><\/span>\n\t\t\t<\/div>\n\t\t<\/div>\n\t\t\t\t\t\t<\/div>\n\t\t\t\t<\/div>\n\t\t\t\t<div class=\"elementor-element elementor-element-1b4243f elementor-widget elementor-widget-counter\" data-id=\"1b4243f\" data-element_type=\"widget\" data-e-type=\"widget\" data-widget_type=\"counter.default\">\n\t\t\t\t<div class=\"elementor-widget-container\">\n\t\t\t\t\t\t\t<div class=\"elementor-counter\">\n\t\t\t<div class=\"elementor-counter-title\">Propri\u00e9t\u00e9s<\/div>\t\t\t<div class=\"elementor-counter-number-wrapper\">\n\t\t\t\t<span class=\"elementor-counter-number-prefix\"><\/span>\n\t\t\t\t<span class=\"elementor-counter-number\" data-duration=\"1000\" data-to-value=\"195\" data-from-value=\"100\" data-delimiter=\",\">100<\/span>\n\t\t\t\t<span class=\"elementor-counter-number-suffix\"><\/span>\n\t\t\t<\/div>\n\t\t<\/div>\n\t\t\t\t\t\t<\/div>\n\t\t\t\t<\/div>\n\t\t\t\t\t<\/div>\n\t\t\t\t<\/div>\n\t\t<div class=\"elementor-element elementor-element-481d85f e-con-full e-flex e-con e-parent\" data-id=\"481d85f\" data-element_type=\"container\" data-e-type=\"container\">\n\t\t<div class=\"elementor-element elementor-element-a41a32a e-con-full e-flex e-con e-child\" data-id=\"a41a32a\" data-element_type=\"container\" data-e-type=\"container\">\n\t\t\t\t<div class=\"elementor-element elementor-element-a6e7f29 elementor-widget elementor-widget-heading\" data-id=\"a6e7f29\" data-element_type=\"widget\" data-e-type=\"widget\" data-widget_type=\"heading.default\">\n\t\t\t\t<div class=\"elementor-widget-container\">\n\t\t\t\t\t<h2 class=\"elementor-heading-title elementor-size-default\">GRATITUDE pour notre pass\u00e9.<br>FIERT\u00c9 de notre pr\u00e9sent.<br>ENTHOUSIASME pour notre avenir.<\/h2>\t\t\t\t<\/div>\n\t\t\t\t<\/div>\n\t\t\t\t<div class=\"elementor-element elementor-element-ff9e0bf elementor-widget elementor-widget-text-editor\" data-id=\"ff9e0bf\" data-element_type=\"widget\" data-e-type=\"widget\" data-widget_type=\"text-editor.default\">\n\t\t\t\t<div class=\"elementor-widget-container\">\n\t\t\t\t\t\t\t\t\t<p style=\"font-size: 17.6px;\"><img decoding=\"async\" class=\" wp-image-38979 alignright\" src=\"https:\/\/colonnadebridgeport.ca\/wp-content\/uploads\/2025\/05\/40-Year-Anniversary-Logo-CMYK-300x188.png\" alt=\"\" width=\"194\" height=\"122\" srcset=\"https:\/\/colonnadebridgeport.ca\/wp-content\/uploads\/2025\/05\/40-Year-Anniversary-Logo-CMYK-300x188.png 300w, https:\/\/colonnadebridgeport.ca\/wp-content\/uploads\/2025\/05\/40-Year-Anniversary-Logo-CMYK-1024x643.png 1024w, https:\/\/colonnadebridgeport.ca\/wp-content\/uploads\/2025\/05\/40-Year-Anniversary-Logo-CMYK-768x482.png 768w, https:\/\/colonnadebridgeport.ca\/wp-content\/uploads\/2025\/05\/40-Year-Anniversary-Logo-CMYK-1536x964.png 1536w, https:\/\/colonnadebridgeport.ca\/wp-content\/uploads\/2025\/05\/40-Year-Anniversary-Logo-CMYK-2048x1286.png 2048w\" sizes=\"(max-width: 194px) 100vw, 194px\" \/>Colonnade BridgePort (CBP) trouve ses origines en 1985 avec la cr\u00e9ation de Colonnade Management Inc. 23 ans plus tard, BridgePort Realty Capital Partners est entr\u00e9 sur le march\u00e9, ouvrant la voie \u00e0 la fusion de 2016 qui a cr\u00e9\u00e9 une entreprise aux racines profondes et \u00e0 l&rsquo;avenir prometteur.<\/p><p style=\"font-size: 17.6px;\">Aujourd&rsquo;hui, CBP est un leader reconnu dans l&rsquo;industrie immobili\u00e8re, appliquant les meilleures pratiques immobili\u00e8res dans tout ce que nous faisons.<\/p>\t\t\t\t\t\t\t\t<\/div>\n\t\t\t\t<\/div>\n\t\t\t\t<div class=\"elementor-element elementor-element-2fc156e elementor-widget elementor-widget-button\" data-id=\"2fc156e\" data-element_type=\"widget\" data-e-type=\"widget\" data-widget_type=\"button.default\">\n\t\t\t\t<div class=\"elementor-widget-container\">\n\t\t\t\t\t\t\t\t\t<div class=\"elementor-button-wrapper\">\n\t\t\t\t\t<a class=\"elementor-button elementor-button-link elementor-size-sm\" href=\"https:\/\/colonnadebridgeport.ca\/fr\/a-propos-de-nous\/historique\/\">\n\t\t\t\t\t\t<span class=\"elementor-button-content-wrapper\">\n\t\t\t\t\t\t\t\t\t<span class=\"elementor-button-text\">Visitez notre page d'histoire<\/span>\n\t\t\t\t\t<\/span>\n\t\t\t\t\t<\/a>\n\t\t\t\t<\/div>\n\t\t\t\t\t\t\t\t<\/div>\n\t\t\t\t<\/div>\n\t\t\t\t<\/div>\n\t\t<div class=\"elementor-element elementor-element-91f8da8 e-con-full e-flex e-con e-child\" data-id=\"91f8da8\" data-element_type=\"container\" data-e-type=\"container\" data-settings=\"{&quot;background_background&quot;:&quot;classic&quot;}\">\n\t\t\t\t<\/div>\n\t\t\t\t<\/div>\n\t\t\t\t<\/div>\n\t\t","protected":false},"excerpt":{"rendered":"<p>Une meilleure compr\u00e9hension de vos besoins Un processus formalis\u00e9 centr\u00e9 sur vos objectifs commerciaux et financiers Plus en phase avec vos objectifs Des \u00e9quipes clients pluridisciplinaires travaillant ensemble pour maximiser la performance des actifs Plus d&rsquo;expertise Une \u00e9quipe de leaders du secteur travaillant ensemble pour cr\u00e9er de la valeur quand vous en avez le plus [&hellip;]<\/p>\n","protected":false},"author":227,"featured_media":0,"parent":0,"menu_order":0,"comment_status":"closed","ping_status":"closed","template":"elementor_header_footer","meta":{"footnotes":""},"class_list":["post-39495","page","type-page","status-publish","hentry"],"_links":{"self":[{"href":"https:\/\/colonnadebridgeport.ca\/fr\/wp-json\/wp\/v2\/pages\/39495","targetHints":{"allow":["GET"]}}],"collection":[{"href":"https:\/\/colonnadebridgeport.ca\/fr\/wp-json\/wp\/v2\/pages"}],"about":[{"href":"https:\/\/colonnadebridgeport.ca\/fr\/wp-json\/wp\/v2\/types\/page"}],"author":[{"embeddable":true,"href":"https:\/\/colonnadebridgeport.ca\/fr\/wp-json\/wp\/v2\/users\/227"}],"replies":[{"embeddable":true,"href":"https:\/\/colonnadebridgeport.ca\/fr\/wp-json\/wp\/v2\/comments?post=39495"}],"version-history":[{"count":0,"href":"https:\/\/colonnadebridgeport.ca\/fr\/wp-json\/wp\/v2\/pages\/39495\/revisions"}],"wp:attachment":[{"href":"https:\/\/colonnadebridgeport.ca\/fr\/wp-json\/wp\/v2\/media?parent=39495"}],"curies":[{"name":"wp","href":"https:\/\/api.w.org\/{rel}","templated":true}]}}