{"id":39290,"date":"2025-06-06T13:50:29","date_gmt":"2025-06-06T17:50:29","guid":{"rendered":"https:\/\/cbcorpnov2020.wpengine.com\/ryse\/centre-de-progres-ryse\/"},"modified":"2025-10-02T16:04:13","modified_gmt":"2025-10-02T20:04:13","slug":"centre-de-progres-ryse","status":"publish","type":"page","link":"https:\/\/colonnadebridgeport.ca\/fr\/ryse\/centre-de-progres-ryse\/","title":{"rendered":"Centre de progr\u00e8s RYSE"},"content":{"rendered":"\t\t<div data-elementor-type=\"wp-page\" data-elementor-id=\"39290\" class=\"elementor elementor-39290 elementor-39045\" data-elementor-post-type=\"page\">\n\t\t\t\t<div class=\"elementor-element elementor-element-3bab31d2 e-flex e-con-boxed e-con e-parent\" data-id=\"3bab31d2\" data-element_type=\"container\" data-e-type=\"container\" data-settings=\"{&quot;background_background&quot;:&quot;classic&quot;,&quot;motion_fx_motion_fx_scrolling&quot;:&quot;yes&quot;,&quot;motion_fx_devices&quot;:[&quot;desktop&quot;,&quot;tablet&quot;,&quot;mobile&quot;]}\">\n\t\t\t\t\t<div class=\"e-con-inner\">\n\t\t<div class=\"elementor-element elementor-element-645f52b5 e-con-full e-flex e-con e-child\" data-id=\"645f52b5\" data-element_type=\"container\" data-e-type=\"container\">\n\t\t\t\t<div class=\"elementor-element elementor-element-7ba37304 elementor-widget elementor-widget-heading\" data-id=\"7ba37304\" data-element_type=\"widget\" data-e-type=\"widget\" data-widget_type=\"heading.default\">\n\t\t\t\t<div class=\"elementor-widget-container\">\n\t\t\t\t\t<h2 class=\"elementor-heading-title elementor-size-default\">Bienvenue au centre de progr\u00e8s RYSE<\/h2>\t\t\t\t<\/div>\n\t\t\t\t<\/div>\n\t\t\t\t<div class=\"elementor-element elementor-element-7d180275 elementor-widget elementor-widget-text-editor\" data-id=\"7d180275\" data-element_type=\"widget\" data-e-type=\"widget\" data-widget_type=\"text-editor.default\">\n\t\t\t\t<div class=\"elementor-widget-container\">\n\t\t\t\t\t\t\t\t\t<p>Restez inform\u00e9 tout au long du d\u00e9veloppement de RYSE, une nouvelle tour locative construite \u00e0 cet effet au c\u0153ur de Westboro. Revenez r\u00e9guli\u00e8rement pour suivre l&rsquo;\u00e9volution de RYSE, un ajout soigneusement con\u00e7u au quartier qui soutient sa croissance continue, sa vitalit\u00e9 et son fort sentiment de communaut\u00e9. <\/p>\t\t\t\t\t\t\t\t<\/div>\n\t\t\t\t<\/div>\n\t\t\t\t<\/div>\n\t\t\t\t\t<\/div>\n\t\t\t\t<\/div>\n\t\t<div class=\"elementor-element elementor-element-1c90fdde e-flex e-con-boxed e-con e-parent\" data-id=\"1c90fdde\" data-element_type=\"container\" data-e-type=\"container\">\n\t\t\t\t\t<div class=\"e-con-inner\">\n\t\t\t\t<div class=\"elementor-element elementor-element-3a03372e elementor-widget elementor-widget-spacer\" data-id=\"3a03372e\" data-element_type=\"widget\" data-e-type=\"widget\" data-widget_type=\"spacer.default\">\n\t\t\t\t<div class=\"elementor-widget-container\">\n\t\t\t\t\t\t\t<div class=\"elementor-spacer\">\n\t\t\t<div class=\"elementor-spacer-inner\"><\/div>\n\t\t<\/div>\n\t\t\t\t\t\t<\/div>\n\t\t\t\t<\/div>\n\t\t\t\t\t<\/div>\n\t\t\t\t<\/div>\n\t\t\t\t<\/div>\n\t\t","protected":false},"excerpt":{"rendered":"<p>Bienvenue au centre de progr\u00e8s RYSE Restez inform\u00e9 tout au long du d\u00e9veloppement de RYSE, une nouvelle tour locative construite \u00e0 cet effet au c\u0153ur de Westboro. Revenez r\u00e9guli\u00e8rement pour suivre l&rsquo;\u00e9volution de RYSE, un ajout soigneusement con\u00e7u au quartier qui soutient sa croissance continue, sa vitalit\u00e9 et son fort sentiment de communaut\u00e9.<\/p>\n","protected":false},"author":227,"featured_media":0,"parent":39273,"menu_order":0,"comment_status":"closed","ping_status":"closed","template":"","meta":{"footnotes":""},"class_list":["post-39290","page","type-page","status-publish","hentry"],"_links":{"self":[{"href":"https:\/\/colonnadebridgeport.ca\/fr\/wp-json\/wp\/v2\/pages\/39290","targetHints":{"allow":["GET"]}}],"collection":[{"href":"https:\/\/colonnadebridgeport.ca\/fr\/wp-json\/wp\/v2\/pages"}],"about":[{"href":"https:\/\/colonnadebridgeport.ca\/fr\/wp-json\/wp\/v2\/types\/page"}],"author":[{"embeddable":true,"href":"https:\/\/colonnadebridgeport.ca\/fr\/wp-json\/wp\/v2\/users\/227"}],"replies":[{"embeddable":true,"href":"https:\/\/colonnadebridgeport.ca\/fr\/wp-json\/wp\/v2\/comments?post=39290"}],"version-history":[{"count":0,"href":"https:\/\/colonnadebridgeport.ca\/fr\/wp-json\/wp\/v2\/pages\/39290\/revisions"}],"up":[{"embeddable":true,"href":"https:\/\/colonnadebridgeport.ca\/fr\/wp-json\/wp\/v2\/pages\/39273"}],"wp:attachment":[{"href":"https:\/\/colonnadebridgeport.ca\/fr\/wp-json\/wp\/v2\/media?parent=39290"}],"curies":[{"name":"wp","href":"https:\/\/api.w.org\/{rel}","templated":true}]}}